{"id":230,"date":"2020-01-13T11:17:52","date_gmt":"2020-01-13T11:17:52","guid":{"rendered":"https:\/\/demosites.io\/web-agency-gb\/?page_id=5"},"modified":"2025-09-12T19:49:36","modified_gmt":"2025-09-12T17:49:36","slug":"vandoeuvre-les-nancy","status":"publish","type":"page","link":"https:\/\/paulinelacaze.com\/","title":{"rendered":"Accueil"},"content":{"rendered":"\n<div style=\"height:25px\" aria-hidden=\"true\" class=\"wp-block-spacer\"><\/div>\n\n\n\n<p class=\"has-text-align-center has-medium-font-size\"><mark style=\"background-color:rgba(0, 0, 0, 0)\" class=\"has-inline-color has-nv-dark-bg-color\"><sub><em><strong>Institut de Beaut\u00e9 <\/strong><\/em><br><em>\u00e0 Vand\u0153uvre-l\u00e8s-Nancy<\/em><\/sub> <\/mark><\/p>\n\n\n\n<div class=\"wp-block-cover alignfull is-light\" style=\"min-height:400px;aspect-ratio:unset;\"><img loading=\"lazy\" decoding=\"async\" width=\"1602\" height=\"1384\" class=\"wp-block-cover__image-background wp-image-1790\" alt=\"\" src=\"https:\/\/paulinelacaze.com\/wp-content\/uploads\/2023\/04\/IMG_1461.jpg\" style=\"object-position:50% 39%\" data-object-fit=\"cover\" data-object-position=\"50% 39%\" srcset=\"https:\/\/paulinelacaze.com\/wp-content\/uploads\/2023\/04\/IMG_1461.jpg 1602w, https:\/\/paulinelacaze.com\/wp-content\/uploads\/2023\/04\/IMG_1461-300x259.jpg 300w, https:\/\/paulinelacaze.com\/wp-content\/uploads\/2023\/04\/IMG_1461-1024x885.jpg 1024w, https:\/\/paulinelacaze.com\/wp-content\/uploads\/2023\/04\/IMG_1461-768x663.jpg 768w, https:\/\/paulinelacaze.com\/wp-content\/uploads\/2023\/04\/IMG_1461-1536x1327.jpg 1536w\" sizes=\"auto, (max-width: 1602px) 100vw, 1602px\" \/><span aria-hidden=\"true\" class=\"wp-block-cover__background has-neve-link-color-background-color has-background-dim\"><\/span><div class=\"wp-block-cover__inner-container is-layout-flow wp-block-cover-is-layout-flow\">\n<div style=\"height:20px\" aria-hidden=\"true\" class=\"wp-block-spacer\"><\/div>\n\n\n\n<div style=\"height:20px\" aria-hidden=\"true\" class=\"wp-block-spacer\"><\/div>\n\n\n\n<div class=\"wp-block-columns is-layout-flex wp-container-core-columns-is-layout-9d6595d7 wp-block-columns-is-layout-flex\">\n<div class=\"wp-block-column is-layout-flow wp-block-column-is-layout-flow\">\n<p class=\"has-text-align-center\"><mark style=\"background-color:rgba(0, 0, 0, 0)\" class=\"has-inline-color has-nv-site-bg-color\"><strong>Lundi au Jeudi<\/strong><br> 10h30 &#8211; 18h00<\/mark><br><\/p>\n<\/div>\n<\/div>\n\n\n\n<div style=\"height:11px\" aria-hidden=\"true\" class=\"wp-block-spacer\"><\/div>\n\n\n\n<div class=\"wp-block-buttons is-content-justification-center is-layout-flex wp-container-core-buttons-is-layout-16018d1d wp-block-buttons-is-layout-flex\">\n<div class=\"wp-block-button is-style-secondary\"><a class=\"wp-block-button__link wp-element-button\" href=\"https:\/\/paulinelacaze.com\/index.php\/reservation\/\">R\u00e9server maintenant<\/a><\/div>\n<\/div>\n<\/div><\/div>\n\n\n\n<div style=\"height:40px\" aria-hidden=\"true\" class=\"wp-block-spacer\"><\/div>\n\n\n\n<div class=\"wp-block-columns is-layout-flex wp-container-core-columns-is-layout-9d6595d7 wp-block-columns-is-layout-flex\">\n<div class=\"wp-block-column is-layout-flow wp-block-column-is-layout-flow\">\n<h4 class=\"wp-block-heading has-text-align-center has-neve-link-hover-color-color has-text-color\" id=\"faites-aussi-plaisir-a-vos-proches\"><mark style=\"background-color:rgba(0, 0, 0, 0)\" class=\"has-inline-color has-neve-link-color-color\">Faites aussi plaisir \u00e0 vos proches !<\/mark><\/h4>\n\n\n\n<div style=\"height:10px\" aria-hidden=\"true\" class=\"wp-block-spacer\"><\/div>\n\n\n\n<div class=\"wp-block-buttons is-content-justification-center is-layout-flex wp-container-core-buttons-is-layout-16018d1d wp-block-buttons-is-layout-flex\">\n<div class=\"wp-block-button is-style-primary\"><a class=\"wp-block-button__link wp-element-button\" href=\"https:\/\/fr.fresha.com\/book-now\/pauline-ongles-e65i1ofx\/vouchers?pId=341366\" target=\"_blank\" rel=\"noreferrer noopener\">CARTES CADEAUX<\/a><\/div>\n<\/div>\n\n\n\n<div style=\"height:15px\" aria-hidden=\"true\" class=\"wp-block-spacer\"><\/div>\n<\/div>\n<\/div>\n\n\n\n<div style=\"height:10px\" aria-hidden=\"true\" class=\"wp-block-spacer\"><\/div>\n\n\n\n<div class=\"wp-block-cover alignfull\" style=\"min-height:596px;aspect-ratio:unset;\"><span aria-hidden=\"true\" class=\"wp-block-cover__background has-nv-light-bg-background-color has-background-dim-100 has-background-dim\"><\/span><div class=\"wp-block-cover__inner-container is-layout-flow wp-block-cover-is-layout-flow\">\n<div style=\"height:55px\" aria-hidden=\"true\" class=\"wp-block-spacer\"><\/div>\n\n\n\n<div class=\"wp-block-group\"><div class=\"wp-block-group__inner-container is-layout-flow wp-block-group-is-layout-flow\">\n<div class=\"wp-block-columns are-vertically-aligned-center is-layout-flex wp-container-core-columns-is-layout-9d6595d7 wp-block-columns-is-layout-flex\">\n<div class=\"wp-block-column is-vertically-aligned-center is-layout-flow wp-block-column-is-layout-flow\" style=\"flex-basis:50%\"><div class=\"wp-block-image\">\n<figure class=\"aligncenter size-full\"><img loading=\"lazy\" decoding=\"async\" width=\"1010\" height=\"794\" src=\"https:\/\/paulinelacaze.com\/wp-content\/uploads\/2025\/04\/Capture-decran-2025-04-05-a-11.47.48.png\" alt=\"\" class=\"wp-image-2358\" srcset=\"https:\/\/paulinelacaze.com\/wp-content\/uploads\/2025\/04\/Capture-decran-2025-04-05-a-11.47.48.png 1010w, https:\/\/paulinelacaze.com\/wp-content\/uploads\/2025\/04\/Capture-decran-2025-04-05-a-11.47.48-300x236.png 300w, https:\/\/paulinelacaze.com\/wp-content\/uploads\/2025\/04\/Capture-decran-2025-04-05-a-11.47.48-768x604.png 768w\" sizes=\"auto, (max-width: 1010px) 100vw, 1010px\" \/><\/figure>\n<\/div><\/div>\n\n\n\n<div class=\"wp-block-column is-vertically-aligned-center is-layout-flow wp-block-column-is-layout-flow\" style=\"flex-basis:50%\">\n<div style=\"height:20px\" aria-hidden=\"true\" class=\"wp-block-spacer\"><\/div>\n\n\n\n<h2 class=\"wp-block-heading has-text-align-center has-neve-text-color-color has-text-color\" id=\"l-onglerie\"><strong>L&rsquo;ONGLERIE<\/strong><\/h2>\n\n\n\n<div style=\"height:16px\" aria-hidden=\"true\" class=\"wp-block-spacer\"><\/div>\n\n\n\n<p class=\"has-text-align-center has-neve-text-color-color has-text-color\" style=\"font-size:17px\">Profitez de mes services en&nbsp;<strong>onglerie et manucure<\/strong>, incluant&nbsp;<strong>pose d&rsquo;ongles en gel<\/strong>,&nbsp;<strong>semi-permanent<\/strong>,&nbsp;<strong>gainage<\/strong>&nbsp;pour renforcer les ongles, ainsi que des&nbsp;<strong>nail arts personnalis\u00e9s<\/strong>. <\/p>\n\n\n\n<p class=\"has-text-align-center has-neve-text-color-color has-text-color\" style=\"font-size:17px\">Faites ressortir l&rsquo;\u00e9l\u00e9gance de vos mains avec des soins sur mesure.<\/p>\n\n\n\n<div class=\"wp-block-buttons is-horizontal is-content-justification-center is-layout-flex wp-container-core-buttons-is-layout-499968f5 wp-block-buttons-is-layout-flex\">\n<div class=\"wp-block-button is-style-primary\"><a class=\"wp-block-button__link wp-element-button\" href=\"https:\/\/paulinelacaze.com\/index.php\/onglerie\/\">VOIR LES PRESTATIONS<\/a><\/div>\n<\/div>\n<\/div>\n<\/div>\n<\/div><\/div>\n<\/div><\/div>\n\n\n\n<div style=\"height:80px\" aria-hidden=\"true\" class=\"wp-block-spacer\"><\/div>\n\n\n\n<div class=\"wp-block-cover alignfull\" style=\"min-height:642px;aspect-ratio:unset;\"><span aria-hidden=\"true\" class=\"wp-block-cover__background has-nv-site-bg-background-color has-background-dim-100 has-background-dim\"><\/span><div class=\"wp-block-cover__inner-container is-layout-flow wp-block-cover-is-layout-flow\">\n<div class=\"wp-block-group\"><div class=\"wp-block-group__inner-container is-layout-flow wp-block-group-is-layout-flow\">\n<div class=\"wp-block-columns is-layout-flex wp-container-core-columns-is-layout-9d6595d7 wp-block-columns-is-layout-flex\">\n<div class=\"wp-block-column is-layout-flow wp-block-column-is-layout-flow\">\n<h2 class=\"wp-block-heading has-text-align-center has-neve-text-color-color has-text-color\" id=\"maquillage-permanent\"><strong>MAQUILLAGE PERMANENT<\/strong><\/h2>\n\n\n\n<p class=\"has-text-align-center has-neve-link-color-color has-text-color has-large-font-size\">SOURCILS<\/p>\n\n\n\n<div style=\"height:30px\" aria-hidden=\"true\" class=\"wp-block-spacer\"><\/div>\n\n\n\n<p class=\"has-text-align-center\"><mark style=\"background-color:rgba(0, 0, 0, 0)\" class=\"has-inline-color has-nv-dark-bg-color\">Le <strong>Microblading<\/strong> est une fa\u00e7on <strong>naturelle<\/strong> de combler ou <strong>recr\u00e9er<\/strong> des <strong>sourcils<\/strong>. Cette technique convient \u00e0 tous.&nbsp;<\/mark><\/p>\n\n\n\n<p class=\"has-text-align-center\"><br><span class=\"has-inline-color has-nv-dark-bg-color\">Les pigments sont ins\u00e9r\u00e9s sous forme de <strong>traits fin<\/strong>, \u00e0 l&rsquo;aide de nano aiguilles qui forment une fine lame. On imite alors l&rsquo;aspect de <strong>vrais poils<\/strong>.<\/span><\/p>\n<\/div>\n\n\n\n<div class=\"wp-block-column is-layout-flow wp-block-column-is-layout-flow\">\n<div class=\"wp-block-columns are-vertically-aligned-center is-layout-flex wp-container-core-columns-is-layout-9d6595d7 wp-block-columns-is-layout-flex\">\n<div class=\"wp-block-column is-vertically-aligned-center is-layout-flow wp-block-column-is-layout-flow\" style=\"flex-basis:100%\"><\/div>\n<\/div>\n\n\n<div class=\"wp-block-image\">\n<figure class=\"aligncenter size-large is-resized\"><img loading=\"lazy\" decoding=\"async\" width=\"945\" height=\"1024\" src=\"https:\/\/paulinelacaze.com\/wp-content\/uploads\/2022\/01\/20210326_153730-945x1024.jpg\" alt=\"Pauline Lacaze Beaut\u00e9\" class=\"wp-image-1344\" style=\"width:350px;height:379px\" srcset=\"https:\/\/paulinelacaze.com\/wp-content\/uploads\/2022\/01\/20210326_153730-945x1024.jpg 945w, https:\/\/paulinelacaze.com\/wp-content\/uploads\/2022\/01\/20210326_153730-277x300.jpg 277w, https:\/\/paulinelacaze.com\/wp-content\/uploads\/2022\/01\/20210326_153730-768x832.jpg 768w, https:\/\/paulinelacaze.com\/wp-content\/uploads\/2022\/01\/20210326_153730-1417x1536.jpg 1417w, https:\/\/paulinelacaze.com\/wp-content\/uploads\/2022\/01\/20210326_153730-1890x2048.jpg 1890w\" sizes=\"auto, (max-width: 945px) 100vw, 945px\" \/><\/figure>\n<\/div><\/div>\n<\/div>\n<\/div><\/div>\n\n\n\n<div class=\"wp-block-buttons is-horizontal is-content-justification-center is-layout-flex wp-container-core-buttons-is-layout-499968f5 wp-block-buttons-is-layout-flex\">\n<div class=\"wp-block-button is-style-primary\"><a class=\"wp-block-button__link wp-element-button\" href=\"https:\/\/paulinelacaze.com\/index.php\/sourcils\/\">MICROBLADING<\/a><\/div>\n<\/div>\n\n\n\n<div style=\"height:30px\" aria-hidden=\"true\" class=\"wp-block-spacer\"><\/div>\n<\/div><\/div>\n\n\n\n<div class=\"wp-block-cover alignfull\" style=\"min-height:600px;aspect-ratio:unset;\"><span aria-hidden=\"true\" class=\"wp-block-cover__background has-nv-light-bg-background-color has-background-dim-100 has-background-dim\"><\/span><div class=\"wp-block-cover__inner-container is-layout-flow wp-block-cover-is-layout-flow\">\n<div class=\"wp-block-group\"><div class=\"wp-block-group__inner-container is-layout-flow wp-block-group-is-layout-flow\">\n<div style=\"height:80px\" aria-hidden=\"true\" class=\"wp-block-spacer\"><\/div>\n\n\n\n<div class=\"wp-block-columns is-layout-flex wp-container-core-columns-is-layout-9d6595d7 wp-block-columns-is-layout-flex\">\n<div class=\"wp-block-column is-vertically-aligned-center is-layout-flow wp-block-column-is-layout-flow\" style=\"flex-basis:50%\">\n<figure class=\"wp-block-image size-full\"><img loading=\"lazy\" decoding=\"async\" width=\"688\" height=\"382\" src=\"https:\/\/paulinelacaze.com\/wp-content\/uploads\/2022\/01\/Screenshot_20220113-122102_Instagram_2.jpg\" alt=\"Pauline Lacaze Beaut\u00e9\" class=\"wp-image-1357\" srcset=\"https:\/\/paulinelacaze.com\/wp-content\/uploads\/2022\/01\/Screenshot_20220113-122102_Instagram_2.jpg 688w, https:\/\/paulinelacaze.com\/wp-content\/uploads\/2022\/01\/Screenshot_20220113-122102_Instagram_2-300x167.jpg 300w\" sizes=\"auto, (max-width: 688px) 100vw, 688px\" \/><\/figure>\n<\/div>\n\n\n\n<div class=\"wp-block-column is-vertically-aligned-center is-layout-flow wp-block-column-is-layout-flow\" style=\"flex-basis:50%\">\n<div style=\"height:40px\" aria-hidden=\"true\" class=\"wp-block-spacer\"><\/div>\n\n\n\n<h2 class=\"wp-block-heading has-text-align-center has-nv-text-dark-bg-color has-text-color\" id=\"microneedling\"><strong><span class=\"has-inline-color has-neve-link-color-color\">MICRONEEDLING<\/span><\/strong><\/h2>\n\n\n\n<p class=\"has-text-align-center has-neve-link-hover-color-color has-text-color has-large-font-size\"><mark style=\"background-color:rgba(0, 0, 0, 0)\" class=\"has-inline-color has-neve-link-color-color\">VISAGE<\/mark><\/p>\n\n\n\n<div style=\"height:22px\" aria-hidden=\"true\" class=\"wp-block-spacer\"><\/div>\n\n\n\n<p class=\"has-text-align-center has-nv-dark-bg-color has-text-color\" style=\"font-size:17px\">Le <strong>Microneedling r\u00e9duit <\/strong>les traces d\u2019acn\u00e9, <strong>efface<\/strong> les signes de l\u2019\u00e2ge, <strong>am\u00e9liore<\/strong> l\u2019aspect de la peau, resserre les pores dilat\u00e9s, r\u00e9duit visiblement les t\u00e2ches, <strong>unifie <\/strong>le teint.<\/p>\n\n\n\n<p class=\"has-text-align-center has-nv-dark-bg-color has-text-color\" style=\"font-size:17px\">Cette technique stimule le processus naturel  <br>d\u2019auto-gu\u00e9rison de la peau, ainsi que la production de collag\u00e8ne et d&rsquo;\u00e9lastine.<\/p>\n\n\n\n<div style=\"height:24px\" aria-hidden=\"true\" class=\"wp-block-spacer\"><\/div>\n\n\n\n<div class=\"wp-block-buttons is-horizontal is-content-justification-center is-layout-flex wp-container-core-buttons-is-layout-499968f5 wp-block-buttons-is-layout-flex\">\n<div class=\"wp-block-button is-style-primary\"><a class=\"wp-block-button__link wp-element-button\" href=\"https:\/\/paulinelacaze.com\/index.php\/microneedling\/\">Microneedling<\/a><\/div>\n<\/div>\n\n\n\n<p><\/p>\n<\/div>\n<\/div>\n\n\n\n<div style=\"height:40px\" aria-hidden=\"true\" class=\"wp-block-spacer\"><\/div>\n<\/div><\/div>\n<\/div><\/div>\n\n\n\n<div style=\"height:80px\" aria-hidden=\"true\" class=\"wp-block-spacer\"><\/div>\n\n\n\n<div class=\"wp-block-cover alignfull\" style=\"min-height:642px;aspect-ratio:unset;\"><span aria-hidden=\"true\" class=\"wp-block-cover__background has-nv-site-bg-background-color has-background-dim-100 has-background-dim\"><\/span><div class=\"wp-block-cover__inner-container is-layout-flow wp-block-cover-is-layout-flow\">\n<div class=\"wp-block-group\"><div class=\"wp-block-group__inner-container is-layout-flow wp-block-group-is-layout-flow\">\n<div class=\"wp-block-columns is-layout-flex wp-container-core-columns-is-layout-9d6595d7 wp-block-columns-is-layout-flex\">\n<div class=\"wp-block-column is-layout-flow wp-block-column-is-layout-flow\">\n<h2 class=\"wp-block-heading has-text-align-center has-neve-text-color-color has-text-color\" id=\"maquillage-permanent\"><strong>Blanchiment Dentaire<\/strong> Cosm\u00e9tique<\/h2>\n\n\n\n<p class=\"has-text-align-center has-neve-link-color-color has-text-color has-large-font-size\">SOURIRE<\/p>\n\n\n\n<div style=\"height:30px\" aria-hidden=\"true\" class=\"wp-block-spacer\"><\/div>\n\n\n\n<p class=\"has-text-align-center\"><mark style=\"background-color:var(--nv-site-bg)\" class=\"has-inline-color\">Le <strong>Blanchiment Dentaire Cosm\u00e9tique<\/strong> permet de retrouver le <strong>sourire<\/strong> gr\u00e2ce \u00e0 une technique douce incluant <strong>lumi\u00e8re led<\/strong> et <strong>produits de blanchiment<\/strong> dos\u00e9s \u00e0 0,1% de peroxyde&nbsp; d\u2019hydrog\u00e8ne comme l\u2019exige la r\u00e9glementation.<\/mark><\/p>\n<\/div>\n\n\n\n<div class=\"wp-block-column is-layout-flow wp-block-column-is-layout-flow\">\n<div class=\"wp-block-columns are-vertically-aligned-center is-layout-flex wp-container-core-columns-is-layout-9d6595d7 wp-block-columns-is-layout-flex\">\n<div class=\"wp-block-column is-vertically-aligned-center is-layout-flow wp-block-column-is-layout-flow\" style=\"flex-basis:100%\"><\/div>\n<\/div>\n\n\n\n<figure class=\"wp-block-gallery aligncenter has-nested-images columns-default is-cropped wp-block-gallery-1 is-layout-flex wp-block-gallery-is-layout-flex\">\n<figure class=\"wp-block-image size-full\"><img loading=\"lazy\" decoding=\"async\" width=\"810\" height=\"503\" data-id=\"1603\" src=\"https:\/\/paulinelacaze.com\/wp-content\/uploads\/2022\/02\/prix-blanchiment-dentaire-turquie-810x503-1.jpg\" alt=\"Pauline Lacaze Beaut\u00e9\" class=\"wp-image-1603\" srcset=\"https:\/\/paulinelacaze.com\/wp-content\/uploads\/2022\/02\/prix-blanchiment-dentaire-turquie-810x503-1.jpg 810w, https:\/\/paulinelacaze.com\/wp-content\/uploads\/2022\/02\/prix-blanchiment-dentaire-turquie-810x503-1-300x186.jpg 300w, https:\/\/paulinelacaze.com\/wp-content\/uploads\/2022\/02\/prix-blanchiment-dentaire-turquie-810x503-1-768x477.jpg 768w\" sizes=\"auto, (max-width: 810px) 100vw, 810px\" \/><\/figure>\n<\/figure>\n<\/div>\n<\/div>\n<\/div><\/div>\n\n\n\n<div class=\"wp-block-buttons is-horizontal is-content-justification-center is-layout-flex wp-container-core-buttons-is-layout-499968f5 wp-block-buttons-is-layout-flex\">\n<div class=\"wp-block-button is-style-primary\"><a class=\"wp-block-button__link wp-element-button\" href=\"https:\/\/paulinelacaze.com\/index.php\/sourire\/\">Blanchiment Dentaire Cosm\u00e9tique<\/a><\/div>\n<\/div>\n\n\n\n<div style=\"height:30px\" aria-hidden=\"true\" class=\"wp-block-spacer\"><\/div>\n\n\n\n<div style=\"height:40px\" aria-hidden=\"true\" class=\"wp-block-spacer\"><\/div>\n<\/div><\/div>\n\n\n\n<div class=\"wp-block-cover alignfull\" style=\"min-height:519px;aspect-ratio:unset;\"><span aria-hidden=\"true\" class=\"wp-block-cover__background has-neve-text-color-background-color has-background-dim-100 has-background-dim\"><\/span><div class=\"wp-block-cover__inner-container is-layout-flow wp-block-cover-is-layout-flow\">\n<div class=\"wp-block-columns is-layout-flex wp-container-core-columns-is-layout-9d6595d7 wp-block-columns-is-layout-flex\">\n<div class=\"wp-block-column ticss-f6fc7494 is-layout-flow wp-block-column-is-layout-flow\">\n<div style=\"height:40px\" aria-hidden=\"true\" class=\"wp-block-spacer\"><\/div>\n\n\n\n<h2 class=\"wp-block-heading has-text-align-center\" id=\"qui-suis-je\"><mark style=\"background-color:rgba(0, 0, 0, 0)\" class=\"has-inline-color has-nv-site-bg-color\">Qui Suis-Je ?<\/mark><\/h2>\n\n\n\n<div style=\"height:30px\" aria-hidden=\"true\" class=\"wp-block-spacer\"><\/div>\n\n\n<div class=\"wp-block-image is-style-rounded\">\n<figure class=\"aligncenter size-full is-resized\"><img loading=\"lazy\" decoding=\"async\" width=\"1920\" height=\"2560\" src=\"https:\/\/paulinelacaze.com\/wp-content\/uploads\/2021\/05\/IMG_20200208_221344-scaled.jpg\" alt=\"\" class=\"wp-image-255\" style=\"aspect-ratio:0.75;width:234px;height:auto\" srcset=\"https:\/\/paulinelacaze.com\/wp-content\/uploads\/2021\/05\/IMG_20200208_221344-scaled.jpg 1920w, https:\/\/paulinelacaze.com\/wp-content\/uploads\/2021\/05\/IMG_20200208_221344-225x300.jpg 225w\" sizes=\"auto, (max-width: 1920px) 100vw, 1920px\" \/><\/figure>\n<\/div>\n\n\n<p class=\"has-text-align-center has-nv-site-bg-color has-text-color\">\u00ab\u00a0<mark style=\"background-color:rgba(0, 0, 0, 0)\" class=\"has-inline-color has-neve-link-hover-color-color\"><strong>Esth\u00e9ticienne dipl\u00f4m\u00e9e<\/strong><\/mark>, sp\u00e9cialis\u00e9e en onglerie (Certifi\u00e9e Laugier Paris), <br>je vous propose aujourd\u2019hui diff\u00e9rentes prestations et soins pour embellir vos ongles !<br> <br>Je vous invite aussi \u00e0 d\u00e9couvrir le <strong><mark style=\"background-color:rgba(0, 0, 0, 0)\" class=\"has-inline-color has-neve-link-hover-color-color\">Microneedling<\/mark><\/strong>, une technique pour prendre soin de votre peau, <br>ainsi que le <strong><mark style=\"background-color:rgba(0, 0, 0, 0)\" class=\"has-inline-color has-neve-link-hover-color-color\">Microblading<\/mark><\/strong> pour les sourcils, qui embellira votre regard.&nbsp;<br> <br>Des prestations avec des produits de qualit\u00e9 et sur mesure ! <br><br><mark style=\"background-color:rgba(0, 0, 0, 0)\" class=\"has-inline-color has-nv-site-bg-color\">Je vous accueille du <\/mark><strong><mark style=\"background-color:rgba(0, 0, 0, 0)\" class=\"has-inline-color has-neve-link-hover-color-color\">lundi au jeudi<\/mark><\/strong><mark style=\"background-color:rgba(0, 0, 0, 0)\" class=\"has-inline-color has-nv-site-bg-color\"> sur place <\/mark><br><mark style=\"background-color:rgba(0, 0, 0, 0)\" class=\"has-inline-color has-nv-site-bg-color\">\u00e0 Vand\u0153uvre-l\u00e8s-Nancy uniquement <\/mark><strong><mark style=\"background-color:rgba(0, 0, 0, 0)\" class=\"has-inline-color has-neve-link-hover-color-color\">sur rendez-vous<\/mark><\/strong><mark style=\"background-color:rgba(0, 0, 0, 0)\" class=\"has-inline-color has-nv-site-bg-color\">.\u00a0\u00bb<\/mark><\/p>\n\n\n\n<p class=\"has-text-align-center has-nv-site-bg-color has-text-color\">A tr\u00e8s bient\u00f4t.<\/p>\n\n\n\n<div style=\"height:23px\" aria-hidden=\"true\" class=\"wp-block-spacer\"><\/div>\n\n\n\n<p class=\"has-text-align-right\"><mark style=\"background-color:rgba(0, 0, 0, 0)\" class=\"has-inline-color has-nv-site-bg-color\">Pauline Lacaze<\/mark> <\/p>\n<\/div>\n<\/div>\n<\/div><\/div>\n\n\n\n<p><\/p>\n","protected":false},"excerpt":{"rendered":"<p>Institut de Beaut\u00e9 \u00e0 Vand\u0153uvre-l\u00e8s-Nancy Faites aussi plaisir \u00e0 vos proches !<\/p>\n","protected":false},"author":1,"featured_media":0,"parent":0,"menu_order":0,"comment_status":"closed","ping_status":"closed","template":"","meta":{"om_disable_all_campaigns":false,"_monsterinsights_skip_tracking":false,"_monsterinsights_sitenote_active":false,"_monsterinsights_sitenote_note":"","_monsterinsights_sitenote_category":0,"_uf_show_specific_survey":0,"_uf_disable_surveys":false,"neve_meta_sidebar":"default","neve_meta_container":"default","neve_meta_enable_content_width":"on","neve_meta_content_width":100,"neve_meta_title_alignment":"","neve_meta_author_avatar":"","neve_post_elements_order":"","neve_meta_disable_header":"","neve_meta_disable_footer":"","neve_meta_disable_title":"on","footnotes":""},"class_list":["post-230","page","type-page","status-publish","hentry"],"aioseo_notices":[],"jetpack_sharing_enabled":true,"_links":{"self":[{"href":"https:\/\/paulinelacaze.com\/index.php\/wp-json\/wp\/v2\/pages\/230","targetHints":{"allow":["GET"]}}],"collection":[{"href":"https:\/\/paulinelacaze.com\/index.php\/wp-json\/wp\/v2\/pages"}],"about":[{"href":"https:\/\/paulinelacaze.com\/index.php\/wp-json\/wp\/v2\/types\/page"}],"author":[{"embeddable":true,"href":"https:\/\/paulinelacaze.com\/index.php\/wp-json\/wp\/v2\/users\/1"}],"replies":[{"embeddable":true,"href":"https:\/\/paulinelacaze.com\/index.php\/wp-json\/wp\/v2\/comments?post=230"}],"version-history":[{"count":338,"href":"https:\/\/paulinelacaze.com\/index.php\/wp-json\/wp\/v2\/pages\/230\/revisions"}],"predecessor-version":[{"id":2368,"href":"https:\/\/paulinelacaze.com\/index.php\/wp-json\/wp\/v2\/pages\/230\/revisions\/2368"}],"wp:attachment":[{"href":"https:\/\/paulinelacaze.com\/index.php\/wp-json\/wp\/v2\/media?parent=230"}],"curies":[{"name":"wp","href":"https:\/\/api.w.org\/{rel}","templated":true}]}}