{"id":1361,"date":"2022-01-13T12:35:17","date_gmt":"2022-01-13T11:35:17","guid":{"rendered":"https:\/\/paulinelacaze.com\/?page_id=1361"},"modified":"2023-06-03T12:03:55","modified_gmt":"2023-06-03T10:03:55","slug":"sourire","status":"publish","type":"page","link":"https:\/\/paulinelacaze.com\/index.php\/sourire\/","title":{"rendered":"Sourire"},"content":{"rendered":"\n<div style=\"height:25px\" aria-hidden=\"true\" class=\"wp-block-spacer\"><\/div>\n\n\n\n<h2 class=\"wp-block-heading has-text-align-center\" id=\"blanchiment-dentaire-cosmetique-1\">Blanchiment Dentaire Cosm\u00e9tique<\/h2>\n\n\n\n<hr class=\"wp-block-separator has-css-opacity is-style-default\"\/>\n\n\n\n<p class=\"has-text-align-center has-nv-text-dark-bg-background-color has-background\"><mark style=\"background-color:rgba(0, 0, 0, 0)\" class=\"has-inline-color has-neve-link-hover-color-color\">Pauline Lacaze Beaut\u00e9<\/mark> <br>Uniquement <strong>sur rendez-vous<\/strong> et <strong>sur place<\/strong>,\u00a0du lundi au samedi matin.<\/p>\n\n\n\n<hr class=\"wp-block-separator has-css-opacity\"\/>\n\n\n\n<div class=\"wp-block-columns alignwide is-layout-flex wp-container-core-columns-is-layout-9d6595d7 wp-block-columns-is-layout-flex\">\n<div class=\"wp-block-column has-nv-site-bg-color has-neve-link-hover-color-background-color has-text-color has-background has-link-color wp-elements-2cdcd7cb801364aa07774f32beaf9d67 is-layout-flow wp-block-column-is-layout-flow\" style=\"padding-top:2em;padding-right:2em;padding-bottom:2em;padding-left:2em\">\n<h2 class=\"wp-block-heading has-text-align-center\" id=\"single\" style=\"font-size:40px\"><strong><strong>1 s\u00e9ance<\/strong><\/strong><\/h2>\n\n\n\n<hr class=\"wp-block-separator has-text-color has-nv-site-bg-color has-css-opacity has-nv-site-bg-background-color has-background is-style-wide\"\/>\n\n\n\n<p class=\"has-normal-font-size\" style=\"line-height:1.5\"><strong>Dur\u00e9e : 1h30<\/strong><\/p>\n\n\n\n<ul class=\"wp-block-list\">\n<li><strong>PL Beaut\u00e9 est certifi\u00e9 pour le blanchiment dentaire cosm\u00e9tique.<\/strong><\/li>\n<\/ul>\n\n\n\n<div style=\"height:109px\" aria-hidden=\"true\" class=\"wp-block-spacer\"><\/div>\n\n\n\n<div class=\"wp-block-buttons is-horizontal is-content-justification-center is-layout-flex wp-container-core-buttons-is-layout-499968f5 wp-block-buttons-is-layout-flex\">\n<div class=\"wp-block-button has-custom-width wp-block-button__width-100\"><a class=\"wp-block-button__link has-neve-link-hover-color-color has-nv-site-bg-background-color has-text-color has-background wp-element-button\" href=\"https:\/\/fr.fresha.com\/book-now\/pauline-ongles-e65i1ofx\/services?lid=366287&amp;eid=1076966&amp;oiid=sv%3A9218795&amp;pId=341366\" target=\"_blank\" rel=\"noreferrer noopener\">75 \u20ac \/ s\u00e9ance<\/a><\/div>\n<\/div>\n<\/div>\n\n\n\n<div class=\"wp-block-column has-nv-site-bg-background-color has-text-color has-background has-link-color wp-elements-e184eb6378cca038d4a64adf43a72dce is-layout-flow wp-block-column-is-layout-flow\" style=\"color:#000000;padding-top:2em;padding-right:2em;padding-bottom:2em;padding-left:2em\">\n<h2 class=\"wp-block-heading has-text-align-center has-neve-link-hover-color-color has-text-color\" id=\"pack-2-seances\" style=\"font-size:40px\"><strong>2 s\u00e9ances<\/strong><\/h2>\n\n\n\n<hr class=\"wp-block-separator has-text-color has-neve-link-hover-color-color has-css-opacity has-neve-link-hover-color-background-color has-background is-style-wide\"\/>\n\n\n\n<ul class=\"wp-block-list\">\n<li><strong>PL Beaut\u00e9 est certifi\u00e9 pour le blanchiment dentaire cosm\u00e9tique.<\/strong><\/li>\n\n\n\n<li><strong>Soit une \u00e9conomie de 10 \u20ac.<\/strong><\/li>\n\n\n\n<li><strong>Valable 6 mois \u00e0 partir de la date d&rsquo;achat.<\/strong><\/li>\n<\/ul>\n\n\n\n<div style=\"height:25px\" aria-hidden=\"true\" class=\"wp-block-spacer\"><\/div>\n\n\n\n<div class=\"wp-block-buttons is-horizontal is-content-justification-center is-layout-flex wp-container-core-buttons-is-layout-499968f5 wp-block-buttons-is-layout-flex\">\n<div class=\"wp-block-button has-custom-width wp-block-button__width-100 is-style-fill\"><a class=\"wp-block-button__link has-white-color has-neve-link-hover-color-background-color has-text-color has-background wp-element-button\" href=\"https:\/\/fr.fresha.com\/book-now\/pauline-ongles-e65i1ofx\/paid-plans?id=42537&amp;pId=341366\" target=\"_blank\" rel=\"noreferrer noopener\">140 \u20ac \/ pack<\/a><\/div>\n<\/div>\n<\/div>\n\n\n\n<div class=\"wp-block-column has-nv-text-dark-bg-color has-neve-link-hover-color-background-color has-text-color has-background has-link-color wp-elements-d7d3ab7900ea91c357c314da4d2db6b0 is-layout-flow wp-block-column-is-layout-flow\" style=\"padding-top:2em;padding-right:2em;padding-bottom:2em;padding-left:2em\">\n<h2 class=\"wp-block-heading has-text-align-center\" id=\"patron\" style=\"font-size:40px\"><strong>3 s\u00e9ances<\/strong><\/h2>\n\n\n\n<hr class=\"wp-block-separator has-text-color has-nv-site-bg-color has-css-opacity has-nv-site-bg-background-color has-background is-style-wide\"\/>\n\n\n\n<ul class=\"wp-block-list\">\n<li><strong>PL Beaut\u00e9 est certifi\u00e9 pour le blanchiment dentaire cosm\u00e9tique.<\/strong><\/li>\n\n\n\n<li><strong>Soit une \u00e9conomie de 20 \u20ac.<\/strong><\/li>\n\n\n\n<li><strong>Valable 12 mois \u00e0 partir de la date d&rsquo;achat.<\/strong><\/li>\n<\/ul>\n\n\n\n<div style=\"height:25px\" aria-hidden=\"true\" class=\"wp-block-spacer\"><\/div>\n\n\n\n<div class=\"wp-block-buttons is-horizontal is-content-justification-center is-layout-flex wp-container-core-buttons-is-layout-499968f5 wp-block-buttons-is-layout-flex\">\n<div class=\"wp-block-button has-custom-width wp-block-button__width-100 is-style-default\"><a class=\"wp-block-button__link has-neve-link-hover-color-color has-nv-site-bg-background-color has-text-color has-background wp-element-button\" href=\"https:\/\/fr.fresha.com\/book-now\/pauline-ongles-e65i1ofx\/paid-plans?id=42539&amp;pId=341366\" target=\"_blank\" rel=\"noreferrer noopener\">205\u20ac \/ pack<\/a><\/div>\n<\/div>\n<\/div>\n<\/div>\n\n\n\n<div style=\"height:10px\" aria-hidden=\"true\" class=\"wp-block-spacer\"><\/div>\n\n\n\n<hr class=\"wp-block-separator has-css-opacity is-style-wide\"\/>\n\n\n\n<div style=\"height:20px\" aria-hidden=\"true\" class=\"wp-block-spacer\"><\/div>\n\n\n\n<div class=\"wp-block-group\"><div class=\"wp-block-group__inner-container is-layout-flow wp-block-group-is-layout-flow\">\n<div class=\"wp-block-columns is-layout-flex wp-container-core-columns-is-layout-9d6595d7 wp-block-columns-is-layout-flex\">\n<div class=\"wp-block-column is-vertically-aligned-center is-layout-flow wp-block-column-is-layout-flow\">\n<p class=\"has-text-align-center has-nv-site-bg-color has-neve-link-hover-color-background-color has-text-color has-background\">Le blanchiment dentaire cosm\u00e9tique est sans danger pour les gencives et l&rsquo;\u00e9mail.<br>Il s&rsquo;effectue sur des dents saines et entretenues.<\/p>\n<\/div>\n\n\n\n<div class=\"wp-block-column is-layout-flow wp-block-column-is-layout-flow\"><div class=\"wp-block-image\">\n<figure class=\"aligncenter size-full\"><img loading=\"lazy\" decoding=\"async\" width=\"810\" height=\"503\" src=\"https:\/\/paulinelacaze.com\/wp-content\/uploads\/2022\/02\/prix-blanchiment-dentaire-turquie-810x503-1.jpg\" alt=\"Pauline Lacaze Beaut\u00e9\" class=\"wp-image-1603\" srcset=\"https:\/\/paulinelacaze.com\/wp-content\/uploads\/2022\/02\/prix-blanchiment-dentaire-turquie-810x503-1.jpg 810w, https:\/\/paulinelacaze.com\/wp-content\/uploads\/2022\/02\/prix-blanchiment-dentaire-turquie-810x503-1-300x186.jpg 300w, https:\/\/paulinelacaze.com\/wp-content\/uploads\/2022\/02\/prix-blanchiment-dentaire-turquie-810x503-1-768x477.jpg 768w\" sizes=\"auto, (max-width: 810px) 100vw, 810px\" \/><\/figure>\n<\/div><\/div>\n\n\n\n<div class=\"wp-block-column is-vertically-aligned-center is-layout-flow wp-block-column-is-layout-flow\">\n<p class=\"has-text-align-center has-nv-site-bg-color has-neve-link-hover-color-background-color has-text-color has-background\">Le but \u00e9tant de travailler afin de retrouver la blancheur naturelle de vos dents, les r\u00e9sultats sont propres \u00e0 chaque individu.<\/p>\n<\/div>\n<\/div>\n<\/div><\/div>\n\n\n\n<hr class=\"wp-block-separator has-css-opacity is-style-wide\"\/>\n\n\n\n<div style=\"height:20px\" aria-hidden=\"true\" class=\"wp-block-spacer\"><\/div>\n\n\n\n<div class=\"wp-block-buttons is-content-justification-center is-layout-flex wp-container-core-buttons-is-layout-16018d1d wp-block-buttons-is-layout-flex\">\n<div class=\"wp-block-button is-style-primary\"><a class=\"wp-block-button__link wp-element-button\" href=\"https:\/\/paulinelacaze.com\/index.php\/reservation\/\">JE RESERVE<\/a><\/div>\n<\/div>\n\n\n\n<div style=\"height:30px\" aria-hidden=\"true\" class=\"wp-block-spacer\"><\/div>\n\n\n\n<div style=\"height:25px\" aria-hidden=\"true\" class=\"wp-block-spacer\"><\/div>\n\n\n\n<div style=\"height:30px\" aria-hidden=\"true\" class=\"wp-block-spacer\"><\/div>\n","protected":false},"excerpt":{"rendered":"<p>Blanchiment Dentaire Cosm\u00e9tique Pauline Lacaze Beaut\u00e9 Uniquement sur rendez-vous et sur place,\u00a0du lundi au samedi matin. 1 s\u00e9ance Dur\u00e9e : 1h30 2 s\u00e9ances 3 s\u00e9ances Le blanchiment dentaire cosm\u00e9tique est sans danger pour les gencives et l&rsquo;\u00e9mail.Il s&rsquo;effectue sur des dents saines et entretenues. Le but \u00e9tant de travailler afin de retrouver la blancheur naturelle&hellip;&nbsp;<a href=\"https:\/\/paulinelacaze.com\/index.php\/sourire\/\" class=\"\" rel=\"bookmark\">Lire la suite &raquo;<span class=\"screen-reader-text\">Sourire<\/span><\/a><\/p>\n","protected":false},"author":1,"featured_media":0,"parent":0,"menu_order":0,"comment_status":"closed","ping_status":"closed","template":"","meta":{"om_disable_all_campaigns":false,"_monsterinsights_skip_tracking":false,"_monsterinsights_sitenote_active":false,"_monsterinsights_sitenote_note":"","_monsterinsights_sitenote_category":0,"_uf_show_specific_survey":0,"_uf_disable_surveys":false,"neve_meta_sidebar":"full-width","neve_meta_container":"","neve_meta_enable_content_width":"on","neve_meta_content_width":100,"neve_meta_title_alignment":"","neve_meta_author_avatar":"","neve_post_elements_order":"","neve_meta_disable_header":"","neve_meta_disable_footer":"","neve_meta_disable_title":"on","footnotes":""},"class_list":["post-1361","page","type-page","status-publish","hentry"],"aioseo_notices":[],"jetpack_sharing_enabled":true,"_links":{"self":[{"href":"https:\/\/paulinelacaze.com\/index.php\/wp-json\/wp\/v2\/pages\/1361","targetHints":{"allow":["GET"]}}],"collection":[{"href":"https:\/\/paulinelacaze.com\/index.php\/wp-json\/wp\/v2\/pages"}],"about":[{"href":"https:\/\/paulinelacaze.com\/index.php\/wp-json\/wp\/v2\/types\/page"}],"author":[{"embeddable":true,"href":"https:\/\/paulinelacaze.com\/index.php\/wp-json\/wp\/v2\/users\/1"}],"replies":[{"embeddable":true,"href":"https:\/\/paulinelacaze.com\/index.php\/wp-json\/wp\/v2\/comments?post=1361"}],"version-history":[{"count":108,"href":"https:\/\/paulinelacaze.com\/index.php\/wp-json\/wp\/v2\/pages\/1361\/revisions"}],"predecessor-version":[{"id":1975,"href":"https:\/\/paulinelacaze.com\/index.php\/wp-json\/wp\/v2\/pages\/1361\/revisions\/1975"}],"wp:attachment":[{"href":"https:\/\/paulinelacaze.com\/index.php\/wp-json\/wp\/v2\/media?parent=1361"}],"curies":[{"name":"wp","href":"https:\/\/api.w.org\/{rel}","templated":true}]}}